{"id":469,"date":"2017-10-03T08:50:15","date_gmt":"2017-10-03T06:50:15","guid":{"rendered":"http:\/\/nouvobois-materiaux.toutfaire.fr\/?page_id=469"},"modified":"2017-10-03T19:20:32","modified_gmt":"2017-10-03T17:20:32","slug":"notre-equipe","status":"publish","type":"page","link":"http:\/\/nouvobois-materiaux.toutfaire.fr\/?page_id=469","title":{"rendered":"Notre \u00c9quipe"},"content":{"rendered":"<h1>Notre \u00c9quipe<\/h1>\n<p>PAUL &#8211; Comptabilit\u00e9<br \/>\nDAVID &#8211; Commercial<br \/>\nLAURENT &#8211; Chauffeur\/Livreur<br \/>\nMATTHIEU &#8211; Menuisier\/Magasinier<\/p>\n<p><img loading=\"lazy\" decoding=\"async\" class=\"alignnone size-medium wp-image-470\" src=\"http:\/\/nouvobois-materiaux.toutfaire.fr\/wp-content\/uploads\/2017\/10\/nouvobois_accueil_500x0-300x225.jpg\" alt=\"\" width=\"300\" height=\"225\" srcset=\"http:\/\/nouvobois-materiaux.toutfaire.fr\/wp-content\/uploads\/2017\/10\/nouvobois_accueil_500x0-300x225.jpg 300w, http:\/\/nouvobois-materiaux.toutfaire.fr\/wp-content\/uploads\/2017\/10\/nouvobois_accueil_500x0.jpg 500w\" sizes=\"(max-width: 300px) 100vw, 300px\" \/><\/p>\n","protected":false},"excerpt":{"rendered":"<p>Notre \u00c9quipe PAUL &#8211; Comptabilit\u00e9 DAVID &#8211; Commercial LAURENT &#8211; Chauffeur\/Livreur MATTHIEU &#8211; Menuisier\/Magasinier<\/p>\n","protected":false},"author":1,"featured_media":0,"parent":448,"menu_order":0,"comment_status":"closed","ping_status":"closed","template":"","meta":{"footnotes":""},"class_list":["post-469","page","type-page","status-publish","hentry"],"yoast_head":"<!-- This site is optimized with the Yoast SEO plugin v23.3 - https:\/\/yoast.com\/wordpress\/plugins\/seo\/ -->\n<title>Notre \u00c9quipe - NOUVOBOIS MAT\u00c9RIAUX<\/title>\n<meta name=\"robots\" content=\"index, follow, max-snippet:-1, max-image-preview:large, max-video-preview:-1\" \/>\n<link rel=\"canonical\" href=\"http:\/\/nouvobois-materiaux.toutfaire.fr\/?page_id=469\" \/>\n<meta property=\"og:locale\" content=\"fr_FR\" \/>\n<meta property=\"og:type\" content=\"article\" \/>\n<meta property=\"og:title\" content=\"Notre \u00c9quipe - NOUVOBOIS MAT\u00c9RIAUX\" \/>\n<meta property=\"og:description\" content=\"Notre \u00c9quipe PAUL &#8211; Comptabilit\u00e9 DAVID &#8211; Commercial LAURENT &#8211; Chauffeur\/Livreur MATTHIEU &#8211; Menuisier\/Magasinier\" \/>\n<meta property=\"og:url\" content=\"http:\/\/nouvobois-materiaux.toutfaire.fr\/?page_id=469\" \/>\n<meta property=\"og:site_name\" content=\"NOUVOBOIS MAT\u00c9RIAUX\" \/>\n<meta property=\"article:modified_time\" content=\"2017-10-03T17:20:32+00:00\" \/>\n<meta property=\"og:image\" content=\"http:\/\/nouvobois-materiaux.toutfaire.fr\/wp-content\/uploads\/2017\/10\/nouvobois_accueil_500x0-300x225.jpg\" \/>\n<meta name=\"twitter:card\" content=\"summary_large_image\" \/>\n<script type=\"application\/ld+json\" class=\"yoast-schema-graph\">{\"@context\":\"https:\/\/schema.org\",\"@graph\":[{\"@type\":\"WebPage\",\"@id\":\"http:\/\/nouvobois-materiaux.toutfaire.fr\/?page_id=469\",\"url\":\"http:\/\/nouvobois-materiaux.toutfaire.fr\/?page_id=469\",\"name\":\"Notre \u00c9quipe - NOUVOBOIS MAT\u00c9RIAUX\",\"isPartOf\":{\"@id\":\"http:\/\/nouvobois-materiaux.toutfaire.fr\/#website\"},\"primaryImageOfPage\":{\"@id\":\"http:\/\/nouvobois-materiaux.toutfaire.fr\/?page_id=469#primaryimage\"},\"image\":{\"@id\":\"http:\/\/nouvobois-materiaux.toutfaire.fr\/?page_id=469#primaryimage\"},\"thumbnailUrl\":\"http:\/\/nouvobois-materiaux.toutfaire.fr\/wp-content\/uploads\/2017\/10\/nouvobois_accueil_500x0-300x225.jpg\",\"datePublished\":\"2017-10-03T06:50:15+00:00\",\"dateModified\":\"2017-10-03T17:20:32+00:00\",\"breadcrumb\":{\"@id\":\"http:\/\/nouvobois-materiaux.toutfaire.fr\/?page_id=469#breadcrumb\"},\"inLanguage\":\"fr-FR\",\"potentialAction\":[{\"@type\":\"ReadAction\",\"target\":[\"http:\/\/nouvobois-materiaux.toutfaire.fr\/?page_id=469\"]}]},{\"@type\":\"ImageObject\",\"inLanguage\":\"fr-FR\",\"@id\":\"http:\/\/nouvobois-materiaux.toutfaire.fr\/?page_id=469#primaryimage\",\"url\":\"http:\/\/nouvobois-materiaux.toutfaire.fr\/wp-content\/uploads\/2017\/10\/nouvobois_accueil_500x0.jpg\",\"contentUrl\":\"http:\/\/nouvobois-materiaux.toutfaire.fr\/wp-content\/uploads\/2017\/10\/nouvobois_accueil_500x0.jpg\",\"width\":500,\"height\":375},{\"@type\":\"BreadcrumbList\",\"@id\":\"http:\/\/nouvobois-materiaux.toutfaire.fr\/?page_id=469#breadcrumb\",\"itemListElement\":[{\"@type\":\"ListItem\",\"position\":1,\"name\":\"Accueil\",\"item\":\"http:\/\/nouvobois-materiaux.toutfaire.fr\/\"},{\"@type\":\"ListItem\",\"position\":2,\"name\":\"Notre N\u00e9goce\",\"item\":\"http:\/\/nouvobois-materiaux.toutfaire.fr\/?page_id=448\"},{\"@type\":\"ListItem\",\"position\":3,\"name\":\"Notre \u00c9quipe\"}]},{\"@type\":\"WebSite\",\"@id\":\"http:\/\/nouvobois-materiaux.toutfaire.fr\/#website\",\"url\":\"http:\/\/nouvobois-materiaux.toutfaire.fr\/\",\"name\":\"NOUVOBOIS MAT\u00c9RIAUX\",\"description\":\"Gagnez en savoir-faire\",\"publisher\":{\"@id\":\"http:\/\/nouvobois-materiaux.toutfaire.fr\/#organization\"},\"potentialAction\":[{\"@type\":\"SearchAction\",\"target\":{\"@type\":\"EntryPoint\",\"urlTemplate\":\"http:\/\/nouvobois-materiaux.toutfaire.fr\/?s={search_term_string}\"},\"query-input\":\"required name=search_term_string\"}],\"inLanguage\":\"fr-FR\"},{\"@type\":\"Organization\",\"@id\":\"http:\/\/nouvobois-materiaux.toutfaire.fr\/#organization\",\"name\":\"NOUVOBOIS MAT\u00c9RIAUX\",\"url\":\"http:\/\/nouvobois-materiaux.toutfaire.fr\/\",\"logo\":{\"@type\":\"ImageObject\",\"inLanguage\":\"fr-FR\",\"@id\":\"http:\/\/nouvobois-materiaux.toutfaire.fr\/#\/schema\/logo\/image\/\",\"url\":\"http:\/\/nouvobois-materiaux.toutfaire.fr\/wp-content\/uploads\/2022\/09\/cropped-LOGO-TFi.png\",\"contentUrl\":\"http:\/\/nouvobois-materiaux.toutfaire.fr\/wp-content\/uploads\/2022\/09\/cropped-LOGO-TFi.png\",\"width\":1200,\"height\":382,\"caption\":\"NOUVOBOIS MAT\u00c9RIAUX\"},\"image\":{\"@id\":\"http:\/\/nouvobois-materiaux.toutfaire.fr\/#\/schema\/logo\/image\/\"}}]}<\/script>\n<!-- \/ Yoast SEO plugin. -->","yoast_head_json":{"title":"Notre \u00c9quipe - NOUVOBOIS MAT\u00c9RIAUX","robots":{"index":"index","follow":"follow","max-snippet":"max-snippet:-1","max-image-preview":"max-image-preview:large","max-video-preview":"max-video-preview:-1"},"canonical":"http:\/\/nouvobois-materiaux.toutfaire.fr\/?page_id=469","og_locale":"fr_FR","og_type":"article","og_title":"Notre \u00c9quipe - NOUVOBOIS MAT\u00c9RIAUX","og_description":"Notre \u00c9quipe PAUL &#8211; Comptabilit\u00e9 DAVID &#8211; Commercial LAURENT &#8211; Chauffeur\/Livreur MATTHIEU &#8211; Menuisier\/Magasinier","og_url":"http:\/\/nouvobois-materiaux.toutfaire.fr\/?page_id=469","og_site_name":"NOUVOBOIS MAT\u00c9RIAUX","article_modified_time":"2017-10-03T17:20:32+00:00","og_image":[{"url":"http:\/\/nouvobois-materiaux.toutfaire.fr\/wp-content\/uploads\/2017\/10\/nouvobois_accueil_500x0-300x225.jpg"}],"twitter_card":"summary_large_image","schema":{"@context":"https:\/\/schema.org","@graph":[{"@type":"WebPage","@id":"http:\/\/nouvobois-materiaux.toutfaire.fr\/?page_id=469","url":"http:\/\/nouvobois-materiaux.toutfaire.fr\/?page_id=469","name":"Notre \u00c9quipe - NOUVOBOIS MAT\u00c9RIAUX","isPartOf":{"@id":"http:\/\/nouvobois-materiaux.toutfaire.fr\/#website"},"primaryImageOfPage":{"@id":"http:\/\/nouvobois-materiaux.toutfaire.fr\/?page_id=469#primaryimage"},"image":{"@id":"http:\/\/nouvobois-materiaux.toutfaire.fr\/?page_id=469#primaryimage"},"thumbnailUrl":"http:\/\/nouvobois-materiaux.toutfaire.fr\/wp-content\/uploads\/2017\/10\/nouvobois_accueil_500x0-300x225.jpg","datePublished":"2017-10-03T06:50:15+00:00","dateModified":"2017-10-03T17:20:32+00:00","breadcrumb":{"@id":"http:\/\/nouvobois-materiaux.toutfaire.fr\/?page_id=469#breadcrumb"},"inLanguage":"fr-FR","potentialAction":[{"@type":"ReadAction","target":["http:\/\/nouvobois-materiaux.toutfaire.fr\/?page_id=469"]}]},{"@type":"ImageObject","inLanguage":"fr-FR","@id":"http:\/\/nouvobois-materiaux.toutfaire.fr\/?page_id=469#primaryimage","url":"http:\/\/nouvobois-materiaux.toutfaire.fr\/wp-content\/uploads\/2017\/10\/nouvobois_accueil_500x0.jpg","contentUrl":"http:\/\/nouvobois-materiaux.toutfaire.fr\/wp-content\/uploads\/2017\/10\/nouvobois_accueil_500x0.jpg","width":500,"height":375},{"@type":"BreadcrumbList","@id":"http:\/\/nouvobois-materiaux.toutfaire.fr\/?page_id=469#breadcrumb","itemListElement":[{"@type":"ListItem","position":1,"name":"Accueil","item":"http:\/\/nouvobois-materiaux.toutfaire.fr\/"},{"@type":"ListItem","position":2,"name":"Notre N\u00e9goce","item":"http:\/\/nouvobois-materiaux.toutfaire.fr\/?page_id=448"},{"@type":"ListItem","position":3,"name":"Notre \u00c9quipe"}]},{"@type":"WebSite","@id":"http:\/\/nouvobois-materiaux.toutfaire.fr\/#website","url":"http:\/\/nouvobois-materiaux.toutfaire.fr\/","name":"NOUVOBOIS MAT\u00c9RIAUX","description":"Gagnez en savoir-faire","publisher":{"@id":"http:\/\/nouvobois-materiaux.toutfaire.fr\/#organization"},"potentialAction":[{"@type":"SearchAction","target":{"@type":"EntryPoint","urlTemplate":"http:\/\/nouvobois-materiaux.toutfaire.fr\/?s={search_term_string}"},"query-input":"required name=search_term_string"}],"inLanguage":"fr-FR"},{"@type":"Organization","@id":"http:\/\/nouvobois-materiaux.toutfaire.fr\/#organization","name":"NOUVOBOIS MAT\u00c9RIAUX","url":"http:\/\/nouvobois-materiaux.toutfaire.fr\/","logo":{"@type":"ImageObject","inLanguage":"fr-FR","@id":"http:\/\/nouvobois-materiaux.toutfaire.fr\/#\/schema\/logo\/image\/","url":"http:\/\/nouvobois-materiaux.toutfaire.fr\/wp-content\/uploads\/2022\/09\/cropped-LOGO-TFi.png","contentUrl":"http:\/\/nouvobois-materiaux.toutfaire.fr\/wp-content\/uploads\/2022\/09\/cropped-LOGO-TFi.png","width":1200,"height":382,"caption":"NOUVOBOIS MAT\u00c9RIAUX"},"image":{"@id":"http:\/\/nouvobois-materiaux.toutfaire.fr\/#\/schema\/logo\/image\/"}}]}},"_links":{"self":[{"href":"http:\/\/nouvobois-materiaux.toutfaire.fr\/index.php?rest_route=\/wp\/v2\/pages\/469"}],"collection":[{"href":"http:\/\/nouvobois-materiaux.toutfaire.fr\/index.php?rest_route=\/wp\/v2\/pages"}],"about":[{"href":"http:\/\/nouvobois-materiaux.toutfaire.fr\/index.php?rest_route=\/wp\/v2\/types\/page"}],"author":[{"embeddable":true,"href":"http:\/\/nouvobois-materiaux.toutfaire.fr\/index.php?rest_route=\/wp\/v2\/users\/1"}],"replies":[{"embeddable":true,"href":"http:\/\/nouvobois-materiaux.toutfaire.fr\/index.php?rest_route=%2Fwp%2Fv2%2Fcomments&post=469"}],"version-history":[{"count":4,"href":"http:\/\/nouvobois-materiaux.toutfaire.fr\/index.php?rest_route=\/wp\/v2\/pages\/469\/revisions"}],"predecessor-version":[{"id":504,"href":"http:\/\/nouvobois-materiaux.toutfaire.fr\/index.php?rest_route=\/wp\/v2\/pages\/469\/revisions\/504"}],"up":[{"embeddable":true,"href":"http:\/\/nouvobois-materiaux.toutfaire.fr\/index.php?rest_route=\/wp\/v2\/pages\/448"}],"wp:attachment":[{"href":"http:\/\/nouvobois-materiaux.toutfaire.fr\/index.php?rest_route=%2Fwp%2Fv2%2Fmedia&parent=469"}],"curies":[{"name":"wp","href":"https:\/\/api.w.org\/{rel}","templated":true}]}}