{"id":9,"date":"2017-02-28T16:21:49","date_gmt":"2017-02-28T15:21:49","guid":{"rendered":"http:\/\/nouvobois-materiaux.toutfaire.fr\/?page_id=9"},"modified":"2017-10-03T08:54:36","modified_gmt":"2017-10-03T06:54:36","slug":"visite","status":"publish","type":"page","link":"http:\/\/nouvobois-materiaux.toutfaire.fr\/?page_id=9","title":{"rendered":"Visite Guid\u00e9e"},"content":{"rendered":"<h1>Ext\u00e9rieurs<\/h1>\n<div id=\"grid-gallery-1-46231\" data-gg-id=\"1\" data-title=\"ext\u00e9rieur\" data-grid-type=\"0\" data-offset=\"5.3\" data-area-position=\"center\" data-icons=\"\" data-preloader=\"true\" data-width=\"215\" data-height=\"215\" data-padding=\"0\" data-quicksand=\"disabled\" data-quicksand-duration=\"1800\" data-popup-theme=\"theme_6\" data-popup-type=\"pretty-photo\" data-popup-image-text=\"data-description\" data-popup-widthsize=\"auto\" data-popup-heightsize=\"auto\" data-popup-i18n-words=\"{&quot;close&quot;:&quot;fermer&quot;,&quot;next&quot;:&quot;suivant&quot;,&quot;previous&quot;:&quot;pr\\u00e9c\\u00e9dent&quot;,&quot;start_slideshow&quot;:&quot;d\\u00e9marrer le diaporama&quot;,&quot;stop_slideshow&quot;:&quot;arr\\u00e9ter le diaporama&quot;,&quot;image&quot;:&quot;image&quot;,&quot;of&quot;:&quot;de&quot;,&quot;prev&quot;:&quot;pr\\u00e9c.&quot;,&quot;cExpand&quot;:&quot;Agrandir&quot;,&quot;cPrevious&quot;:&quot;Pr\\u00e9c\\u00e9dent&quot;,&quot;cNext&quot;:&quot;Suivant&quot;,&quot;cExpandStr&quot;:&quot;Agrandir l&#039;image&quot;,&quot;cRotate&quot;:&quot;Pivoter&quot;,&quot;cDetails&quot;:&quot;Details&quot;}\" data-popup-slideshow=\"false\" data-popup-slideshow-speed=\"2500\" data-popup-hoverstop=\"false\" data-popup-slideshow-auto=\"false\" data-popup-background=\"\" data-popup-transparency=\"30\" data-popup-disable-history=\"\" data-popup-disable-changed-url=\"\" data-popup-border-type=\"\" data-popup-border-color=\"\" data-popup-border-width=\"\" data-popup-border-enable=\"\" data-fullscreen=\"false\" data-hide-tooltip=\"false\" data-caption-font-family=\"Default\" data-caption-text-size=\"140\" data-is-mobile=\"0\" data-caption-mobile=\"false\" data-hide-long-tltp-title=\"0\" data-caption-disabled-on-mobile=\"false\" data-popup-placement-type=\"0\" data-social-sharing=\"{&quot;enabled&quot;:&quot;&quot;,&quot;gallerySharing&quot;:{&quot;enabled&quot;:null,&quot;position&quot;:null},&quot;imageSharing&quot;:{&quot;enabled&quot;:null,&quot;wrapperClass&quot;:&quot; vertical &quot;},&quot;popupSharing&quot;:{&quot;enabled&quot;:null,&quot;wrapperClass&quot;:&quot; vertical &quot;}}\" class=\"grid-gallery grid-gallery-fixed \" style=\" width:100%; height:auto; margin-left:auto; margin-right:auto;position:relative;\"> <div class=\"gallery-loading\"> <div class=\"blocks\"> <div class=\"block\"><\/div> <div class=\"block\"><\/div> <div class=\"block\"><\/div> <div class=\"block\"><\/div> <\/div> <\/div> <div class=\"gallery-sharing-top\" style=\"display:none;\"> <\/div> <div id=\"photos-1\" class=\"grid-gallery-photos\"><FIGURE class=\"grid-gallery-caption\" data-grid-gallery-type=\"quarter-slide-up\" data-index=\"0\" style=\"display:none;border-radius:00;; margin:5.3px; width:2150;\" ><div class=\"crop\" style=\" width:2150; height:2150; overflow:hidden;\"><img decoding=\"async\" src=\"http:\/\/nouvobois-materiaux.toutfaire.fr\/wp-content\/uploads\/2017\/10\/nouvobois_facade3-215x215.jpg\" class=\"ggImg\" alt=\"nouvobois_facade3\" title=\"nouvobois_facade3\" data-description=\"nouvobois_facade3\" data-caption=\"nouvobois_facade3\" data-title=\"nouvobois_facade3\" style=\" width:215px; height:215px;\" \/><\/div><FIGCAPTION class=\"\" data-alpha=\"5\" style=\"color:#ffffff; background-color:#6f0000; font-size:140; text-align:2; font-family:Default;\" ><div class=\"grid-gallery-figcaption-wrap\" style=\"\"><\/div><\/FIGCAPTION><\/FIGURE><FIGURE class=\"grid-gallery-caption\" data-grid-gallery-type=\"quarter-slide-up\" data-index=\"1\" style=\"display:none;border-radius:00;; margin:5.3px; width:2150;\" ><div class=\"crop\" style=\" width:2150; height:2150; overflow:hidden;\"><img decoding=\"async\" src=\"http:\/\/nouvobois-materiaux.toutfaire.fr\/wp-content\/uploads\/2017\/10\/nouvobois_expo4-215x215.jpg\" class=\"ggImg\" alt=\"nouvobois_expo4\" title=\"nouvobois_expo4\" data-description=\"nouvobois_expo4\" data-caption=\"nouvobois_expo4\" data-title=\"nouvobois_expo4\" style=\" width:215px; height:215px;\" \/><\/div><FIGCAPTION class=\"\" data-alpha=\"5\" style=\"color:#ffffff; background-color:#6f0000; font-size:140; text-align:2; font-family:Default;\" ><div class=\"grid-gallery-figcaption-wrap\" style=\"\"><\/div><\/FIGCAPTION><\/FIGURE><FIGURE class=\"grid-gallery-caption\" data-grid-gallery-type=\"quarter-slide-up\" data-index=\"2\" style=\"display:none;border-radius:00;; margin:5.3px; width:2150;\" ><div class=\"crop\" style=\" width:2150; height:2150; overflow:hidden;\"><img decoding=\"async\" src=\"http:\/\/nouvobois-materiaux.toutfaire.fr\/wp-content\/uploads\/2017\/10\/nouvobois_expo5-215x215.jpg\" class=\"ggImg\" alt=\"nouvobois_expo5\" title=\"nouvobois_expo5\" data-description=\"nouvobois_expo5\" data-caption=\"nouvobois_expo5\" data-title=\"nouvobois_expo5\" style=\" width:215px; height:215px;\" \/><\/div><FIGCAPTION class=\"\" data-alpha=\"5\" style=\"color:#ffffff; background-color:#6f0000; font-size:140; text-align:2; font-family:Default;\" ><div class=\"grid-gallery-figcaption-wrap\" style=\"\"><\/div><\/FIGCAPTION><\/FIGURE><FIGURE class=\"grid-gallery-caption\" data-grid-gallery-type=\"quarter-slide-up\" data-index=\"3\" style=\"display:none;border-radius:00;; margin:5.3px; width:2150;\" ><div class=\"crop\" style=\" width:2150; height:2150; overflow:hidden;\"><img decoding=\"async\" src=\"http:\/\/nouvobois-materiaux.toutfaire.fr\/wp-content\/uploads\/2017\/10\/nouvobois_facade-215x215.jpg\" class=\"ggImg\" alt=\"nouvobois_facade\" title=\"nouvobois_facade\" data-description=\"nouvobois_facade\" data-caption=\"nouvobois_facade\" data-title=\"nouvobois_facade\" style=\" width:215px; height:215px;\" \/><\/div><FIGCAPTION class=\"\" data-alpha=\"5\" style=\"color:#ffffff; background-color:#6f0000; font-size:140; text-align:2; font-family:Default;\" ><div class=\"grid-gallery-figcaption-wrap\" style=\"\"><\/div><\/FIGCAPTION><\/FIGURE><FIGURE class=\"grid-gallery-caption\" data-grid-gallery-type=\"quarter-slide-up\" data-index=\"4\" style=\"display:none;border-radius:00;; margin:5.3px; width:2150;\" ><div class=\"crop\" style=\" width:2150; height:2150; overflow:hidden;\"><img decoding=\"async\" src=\"http:\/\/nouvobois-materiaux.toutfaire.fr\/wp-content\/uploads\/2017\/10\/nouvobois_facade2-215x215.jpg\" class=\"ggImg\" alt=\"nouvobois_facade2\" title=\"nouvobois_facade2\" data-description=\"nouvobois_facade2\" data-caption=\"nouvobois_facade2\" data-title=\"nouvobois_facade2\" style=\" width:215px; height:215px;\" \/><\/div><FIGCAPTION class=\"\" data-alpha=\"5\" style=\"color:#ffffff; background-color:#6f0000; font-size:140; text-align:2; font-family:Default;\" ><div class=\"grid-gallery-figcaption-wrap\" style=\"\"><\/div><\/FIGCAPTION><\/FIGURE> <div class=\"grid-gallery-clearfix\"><\/div> <\/div> <div class=\"gallery-sharing-bottom\" style=\"display:none;\"> <\/div> <div class=\"gallery-sharing-image\" style=\"display:none;\"> <\/div> <div class=\"gallery-sharing-popup\" style=\"display:none;\"> <\/div> <div class=\"grid-gallery-clearfix\"><\/div> <\/div> <!-- Gallery by Supsystic plugin1.15.24 --><a title=\"WordPress Photo Gallery Plugin\" style=\"display:none;\" href=\"https:\/\/supsystic.com\/plugins\/photo-gallery\/?utm_medium=love_link\" target=\"_blank\">WordPress Photo Gallery Plugin<\/a>\n<hr \/>\n<h1>Int\u00e9rieur<\/h1>\n<div id=\"grid-gallery-2-85186\" data-gg-id=\"2\" data-title=\"int\u00e9rieur\" data-grid-type=\"0\" data-offset=\"5.3\" data-area-position=\"center\" data-icons=\"\" data-preloader=\"true\" data-width=\"215\" data-height=\"215\" data-padding=\"0\" data-quicksand=\"disabled\" data-quicksand-duration=\"1800\" data-popup-theme=\"theme_6\" data-popup-type=\"pretty-photo\" data-popup-image-text=\"data-description\" data-popup-widthsize=\"auto\" data-popup-heightsize=\"auto\" data-popup-i18n-words=\"{&quot;close&quot;:&quot;fermer&quot;,&quot;next&quot;:&quot;suivant&quot;,&quot;previous&quot;:&quot;pr\\u00e9c\\u00e9dent&quot;,&quot;start_slideshow&quot;:&quot;d\\u00e9marrer le diaporama&quot;,&quot;stop_slideshow&quot;:&quot;arr\\u00e9ter le diaporama&quot;,&quot;image&quot;:&quot;image&quot;,&quot;of&quot;:&quot;de&quot;,&quot;prev&quot;:&quot;pr\\u00e9c.&quot;,&quot;cExpand&quot;:&quot;Agrandir&quot;,&quot;cPrevious&quot;:&quot;Pr\\u00e9c\\u00e9dent&quot;,&quot;cNext&quot;:&quot;Suivant&quot;,&quot;cExpandStr&quot;:&quot;Agrandir l&#039;image&quot;,&quot;cRotate&quot;:&quot;Pivoter&quot;,&quot;cDetails&quot;:&quot;Details&quot;}\" data-popup-slideshow=\"false\" data-popup-slideshow-speed=\"2500\" data-popup-hoverstop=\"false\" data-popup-slideshow-auto=\"false\" data-popup-background=\"\" data-popup-transparency=\"30\" data-popup-disable-history=\"\" data-popup-disable-changed-url=\"\" data-popup-border-type=\"\" data-popup-border-color=\"\" data-popup-border-width=\"\" data-popup-border-enable=\"\" data-fullscreen=\"false\" data-hide-tooltip=\"false\" data-caption-font-family=\"Default\" data-caption-text-size=\"140\" data-is-mobile=\"0\" data-caption-mobile=\"false\" data-hide-long-tltp-title=\"0\" data-caption-disabled-on-mobile=\"false\" data-popup-placement-type=\"0\" data-social-sharing=\"{&quot;enabled&quot;:&quot;&quot;,&quot;gallerySharing&quot;:{&quot;enabled&quot;:null,&quot;position&quot;:null},&quot;imageSharing&quot;:{&quot;enabled&quot;:null,&quot;wrapperClass&quot;:&quot; vertical &quot;},&quot;popupSharing&quot;:{&quot;enabled&quot;:null,&quot;wrapperClass&quot;:&quot; vertical &quot;}}\" class=\"grid-gallery grid-gallery-fixed \" style=\" width:100%; height:auto; margin-left:auto; margin-right:auto;position:relative;\"> <div class=\"gallery-loading\"> <div class=\"blocks\"> <div class=\"block\"><\/div> <div class=\"block\"><\/div> <div class=\"block\"><\/div> <div class=\"block\"><\/div> <\/div> <\/div> <div class=\"gallery-sharing-top\" style=\"display:none;\"> <\/div> <div id=\"photos-2\" class=\"grid-gallery-photos\"><FIGURE class=\"grid-gallery-caption\" data-grid-gallery-type=\"quarter-slide-up\" data-index=\"0\" style=\"display:none;border-radius:00;; margin:5.3px; width:2150;\" ><div class=\"crop\" style=\" width:2150; height:2150; overflow:hidden;\"><img decoding=\"async\" src=\"http:\/\/nouvobois-materiaux.toutfaire.fr\/wp-content\/uploads\/2017\/10\/nouvobois_accueil-215x215.jpg\" class=\"ggImg\" alt=\"nouvobois_accueil\" title=\"nouvobois_accueil\" data-description=\"nouvobois_accueil\" data-caption=\"nouvobois_accueil\" data-title=\"nouvobois_accueil\" style=\" width:215px; height:215px;\" \/><\/div><FIGCAPTION class=\"\" data-alpha=\"5\" style=\"color:#ffffff; background-color:#6f0000; font-size:140; text-align:2; font-family:Default;\" ><div class=\"grid-gallery-figcaption-wrap\" style=\"\"><\/div><\/FIGCAPTION><\/FIGURE><FIGURE class=\"grid-gallery-caption\" data-grid-gallery-type=\"quarter-slide-up\" data-index=\"1\" style=\"display:none;border-radius:00;; margin:5.3px; width:2150;\" ><div class=\"crop\" style=\" width:2150; height:2150; overflow:hidden;\"><img decoding=\"async\" src=\"http:\/\/nouvobois-materiaux.toutfaire.fr\/wp-content\/uploads\/2017\/10\/nouvobois_expo3-215x215.jpg\" class=\"ggImg\" alt=\"nouvobois_expo3\" title=\"nouvobois_expo3\" data-description=\"nouvobois_expo3\" data-caption=\"nouvobois_expo3\" data-title=\"nouvobois_expo3\" style=\" width:215px; height:215px;\" \/><\/div><FIGCAPTION class=\"\" data-alpha=\"5\" style=\"color:#ffffff; background-color:#6f0000; font-size:140; text-align:2; font-family:Default;\" ><div class=\"grid-gallery-figcaption-wrap\" style=\"\"><\/div><\/FIGCAPTION><\/FIGURE><FIGURE class=\"grid-gallery-caption\" data-grid-gallery-type=\"quarter-slide-up\" data-index=\"2\" style=\"display:none;border-radius:00;; margin:5.3px; width:2150;\" ><div class=\"crop\" style=\" width:2150; height:2150; overflow:hidden;\"><img decoding=\"async\" src=\"http:\/\/nouvobois-materiaux.toutfaire.fr\/wp-content\/uploads\/2017\/10\/nouvobois_ls-215x215.jpg\" class=\"ggImg\" alt=\"nouvobois_ls\" title=\"nouvobois_ls\" data-description=\"nouvobois_ls\" data-caption=\"nouvobois_ls\" data-title=\"nouvobois_ls\" style=\" width:215px; height:215px;\" \/><\/div><FIGCAPTION class=\"\" data-alpha=\"5\" style=\"color:#ffffff; background-color:#6f0000; font-size:140; text-align:2; font-family:Default;\" ><div class=\"grid-gallery-figcaption-wrap\" style=\"\"><\/div><\/FIGCAPTION><\/FIGURE><FIGURE class=\"grid-gallery-caption\" data-grid-gallery-type=\"quarter-slide-up\" data-index=\"3\" style=\"display:none;border-radius:00;; margin:5.3px; width:2150;\" ><div class=\"crop\" style=\" width:2150; height:2150; overflow:hidden;\"><img decoding=\"async\" src=\"http:\/\/nouvobois-materiaux.toutfaire.fr\/wp-content\/uploads\/2017\/10\/nouvobois_ls2-215x215.jpg\" class=\"ggImg\" alt=\"nouvobois_ls2\" title=\"nouvobois_ls2\" data-description=\"nouvobois_ls2\" data-caption=\"nouvobois_ls2\" data-title=\"nouvobois_ls2\" style=\" width:215px; height:215px;\" \/><\/div><FIGCAPTION class=\"\" data-alpha=\"5\" style=\"color:#ffffff; background-color:#6f0000; font-size:140; text-align:2; font-family:Default;\" ><div class=\"grid-gallery-figcaption-wrap\" style=\"\"><\/div><\/FIGCAPTION><\/FIGURE><FIGURE class=\"grid-gallery-caption\" data-grid-gallery-type=\"quarter-slide-up\" data-index=\"4\" style=\"display:none;border-radius:00;; margin:5.3px; width:2150;\" ><div class=\"crop\" style=\" width:2150; height:2150; overflow:hidden;\"><img decoding=\"async\" src=\"http:\/\/nouvobois-materiaux.toutfaire.fr\/wp-content\/uploads\/2017\/10\/nouvobois_ls3-215x215.jpg\" class=\"ggImg\" alt=\"nouvobois_ls3\" title=\"nouvobois_ls3\" data-description=\"nouvobois_ls3\" data-caption=\"nouvobois_ls3\" data-title=\"nouvobois_ls3\" style=\" width:215px; height:215px;\" \/><\/div><FIGCAPTION class=\"\" data-alpha=\"5\" style=\"color:#ffffff; background-color:#6f0000; font-size:140; text-align:2; font-family:Default;\" ><div class=\"grid-gallery-figcaption-wrap\" style=\"\"><\/div><\/FIGCAPTION><\/FIGURE><FIGURE class=\"grid-gallery-caption\" data-grid-gallery-type=\"quarter-slide-up\" data-index=\"5\" style=\"display:none;border-radius:00;; margin:5.3px; width:2150;\" ><div class=\"crop\" style=\" width:2150; height:2150; overflow:hidden;\"><img decoding=\"async\" src=\"http:\/\/nouvobois-materiaux.toutfaire.fr\/wp-content\/uploads\/2017\/10\/nouvobois_ls4-215x215.jpg\" class=\"ggImg\" alt=\"nouvobois_ls4\" title=\"nouvobois_ls4\" data-description=\"nouvobois_ls4\" data-caption=\"nouvobois_ls4\" data-title=\"nouvobois_ls4\" style=\" width:215px; height:215px;\" \/><\/div><FIGCAPTION class=\"\" data-alpha=\"5\" style=\"color:#ffffff; background-color:#6f0000; font-size:140; text-align:2; font-family:Default;\" ><div class=\"grid-gallery-figcaption-wrap\" style=\"\"><\/div><\/FIGCAPTION><\/FIGURE><FIGURE class=\"grid-gallery-caption\" data-grid-gallery-type=\"quarter-slide-up\" data-index=\"6\" style=\"display:none;border-radius:00;; margin:5.3px; width:2150;\" ><div class=\"crop\" style=\" width:2150; height:2150; overflow:hidden;\"><img decoding=\"async\" src=\"http:\/\/nouvobois-materiaux.toutfaire.fr\/wp-content\/uploads\/2017\/10\/nouvobois_ls5-215x215.jpg\" class=\"ggImg\" alt=\"nouvobois_ls5\" title=\"nouvobois_ls5\" data-description=\"nouvobois_ls5\" data-caption=\"nouvobois_ls5\" data-title=\"nouvobois_ls5\" style=\" width:215px; height:215px;\" \/><\/div><FIGCAPTION class=\"\" data-alpha=\"5\" style=\"color:#ffffff; background-color:#6f0000; font-size:140; text-align:2; font-family:Default;\" ><div class=\"grid-gallery-figcaption-wrap\" style=\"\"><\/div><\/FIGCAPTION><\/FIGURE><FIGURE class=\"grid-gallery-caption\" data-grid-gallery-type=\"quarter-slide-up\" data-index=\"7\" style=\"display:none;border-radius:00;; margin:5.3px; width:2150;\" ><div class=\"crop\" style=\" width:2150; height:2150; overflow:hidden;\"><img decoding=\"async\" src=\"http:\/\/nouvobois-materiaux.toutfaire.fr\/wp-content\/uploads\/2017\/10\/nouvobois_decoupe-215x215.jpg\" class=\"ggImg\" alt=\"nouvobois_decoupe\" title=\"nouvobois_decoupe\" data-description=\"nouvobois_decoupe\" data-caption=\"nouvobois_decoupe\" data-title=\"nouvobois_decoupe\" style=\" width:215px; height:215px;\" \/><\/div><FIGCAPTION class=\"\" data-alpha=\"5\" style=\"color:#ffffff; background-color:#6f0000; font-size:140; text-align:2; font-family:Default;\" ><div class=\"grid-gallery-figcaption-wrap\" style=\"\"><\/div><\/FIGCAPTION><\/FIGURE><FIGURE class=\"grid-gallery-caption\" data-grid-gallery-type=\"quarter-slide-up\" data-index=\"8\" style=\"display:none;border-radius:00;; margin:5.3px; width:2150;\" ><div class=\"crop\" style=\" width:2150; height:2150; overflow:hidden;\"><img decoding=\"async\" src=\"http:\/\/nouvobois-materiaux.toutfaire.fr\/wp-content\/uploads\/2017\/10\/nouvobois_expo-215x215.jpg\" class=\"ggImg\" alt=\"nouvobois_expo\" title=\"nouvobois_expo\" data-description=\"nouvobois_expo\" data-caption=\"nouvobois_expo\" data-title=\"nouvobois_expo\" style=\" width:215px; height:215px;\" \/><\/div><FIGCAPTION class=\"\" data-alpha=\"5\" style=\"color:#ffffff; background-color:#6f0000; font-size:140; text-align:2; font-family:Default;\" ><div class=\"grid-gallery-figcaption-wrap\" style=\"\"><\/div><\/FIGCAPTION><\/FIGURE><FIGURE class=\"grid-gallery-caption\" data-grid-gallery-type=\"quarter-slide-up\" data-index=\"9\" style=\"display:none;border-radius:00;; margin:5.3px; width:2150;\" ><div class=\"crop\" style=\" width:2150; height:2150; overflow:hidden;\"><img decoding=\"async\" src=\"http:\/\/nouvobois-materiaux.toutfaire.fr\/wp-content\/uploads\/2017\/10\/nouvobois_expo2-215x215.jpg\" class=\"ggImg\" alt=\"nouvobois_expo2\" title=\"nouvobois_expo2\" data-description=\"nouvobois_expo2\" data-caption=\"nouvobois_expo2\" data-title=\"nouvobois_expo2\" style=\" width:215px; height:215px;\" \/><\/div><FIGCAPTION class=\"\" data-alpha=\"5\" style=\"color:#ffffff; background-color:#6f0000; font-size:140; text-align:2; font-family:Default;\" ><div class=\"grid-gallery-figcaption-wrap\" style=\"\"><\/div><\/FIGCAPTION><\/FIGURE> <div class=\"grid-gallery-clearfix\"><\/div> <\/div> <div class=\"gallery-sharing-bottom\" style=\"display:none;\"> <\/div> <div class=\"gallery-sharing-image\" style=\"display:none;\"> <\/div> <div class=\"gallery-sharing-popup\" style=\"display:none;\"> <\/div> <div class=\"grid-gallery-clearfix\"><\/div> <\/div> <!-- Gallery by Supsystic plugin1.15.24 --><a title=\"WordPress Photo Gallery Plugin\" style=\"display:none;\" href=\"https:\/\/supsystic.com\/plugins\/photo-gallery\/?utm_medium=love_link\" target=\"_blank\">WordPress Photo Gallery Plugin<\/a>\n<p>&nbsp;<\/p>\n","protected":false},"excerpt":{"rendered":"<p>Ext\u00e9rieurs Int\u00e9rieur &nbsp;<\/p>\n","protected":false},"author":1,"featured_media":0,"parent":448,"menu_order":0,"comment_status":"closed","ping_status":"closed","template":"","meta":{"footnotes":""},"class_list":["post-9","page","type-page","status-publish","hentry"],"yoast_head":"<!-- This site is optimized with the Yoast SEO plugin v23.3 - https:\/\/yoast.com\/wordpress\/plugins\/seo\/ -->\n<title>Visite Guid\u00e9e - NOUVOBOIS MAT\u00c9RIAUX<\/title>\n<meta name=\"robots\" content=\"index, follow, max-snippet:-1, max-image-preview:large, max-video-preview:-1\" \/>\n<link rel=\"canonical\" href=\"http:\/\/nouvobois-materiaux.toutfaire.fr\/?page_id=9\" \/>\n<meta property=\"og:locale\" content=\"fr_FR\" \/>\n<meta property=\"og:type\" content=\"article\" \/>\n<meta property=\"og:title\" content=\"Visite Guid\u00e9e - NOUVOBOIS MAT\u00c9RIAUX\" \/>\n<meta property=\"og:description\" content=\"Ext\u00e9rieurs Int\u00e9rieur &nbsp;\" \/>\n<meta property=\"og:url\" content=\"http:\/\/nouvobois-materiaux.toutfaire.fr\/?page_id=9\" \/>\n<meta property=\"og:site_name\" content=\"NOUVOBOIS MAT\u00c9RIAUX\" \/>\n<meta property=\"article:modified_time\" content=\"2017-10-03T06:54:36+00:00\" \/>\n<meta name=\"twitter:card\" content=\"summary_large_image\" \/>\n<script type=\"application\/ld+json\" class=\"yoast-schema-graph\">{\"@context\":\"https:\/\/schema.org\",\"@graph\":[{\"@type\":\"WebPage\",\"@id\":\"http:\/\/nouvobois-materiaux.toutfaire.fr\/?page_id=9\",\"url\":\"http:\/\/nouvobois-materiaux.toutfaire.fr\/?page_id=9\",\"name\":\"Visite Guid\u00e9e - NOUVOBOIS MAT\u00c9RIAUX\",\"isPartOf\":{\"@id\":\"http:\/\/nouvobois-materiaux.toutfaire.fr\/#website\"},\"datePublished\":\"2017-02-28T15:21:49+00:00\",\"dateModified\":\"2017-10-03T06:54:36+00:00\",\"breadcrumb\":{\"@id\":\"http:\/\/nouvobois-materiaux.toutfaire.fr\/?page_id=9#breadcrumb\"},\"inLanguage\":\"fr-FR\",\"potentialAction\":[{\"@type\":\"ReadAction\",\"target\":[\"http:\/\/nouvobois-materiaux.toutfaire.fr\/?page_id=9\"]}]},{\"@type\":\"BreadcrumbList\",\"@id\":\"http:\/\/nouvobois-materiaux.toutfaire.fr\/?page_id=9#breadcrumb\",\"itemListElement\":[{\"@type\":\"ListItem\",\"position\":1,\"name\":\"Accueil\",\"item\":\"http:\/\/nouvobois-materiaux.toutfaire.fr\/\"},{\"@type\":\"ListItem\",\"position\":2,\"name\":\"Notre N\u00e9goce\",\"item\":\"http:\/\/nouvobois-materiaux.toutfaire.fr\/?page_id=448\"},{\"@type\":\"ListItem\",\"position\":3,\"name\":\"Visite Guid\u00e9e\"}]},{\"@type\":\"WebSite\",\"@id\":\"http:\/\/nouvobois-materiaux.toutfaire.fr\/#website\",\"url\":\"http:\/\/nouvobois-materiaux.toutfaire.fr\/\",\"name\":\"NOUVOBOIS MAT\u00c9RIAUX\",\"description\":\"Gagnez en savoir-faire\",\"publisher\":{\"@id\":\"http:\/\/nouvobois-materiaux.toutfaire.fr\/#organization\"},\"potentialAction\":[{\"@type\":\"SearchAction\",\"target\":{\"@type\":\"EntryPoint\",\"urlTemplate\":\"http:\/\/nouvobois-materiaux.toutfaire.fr\/?s={search_term_string}\"},\"query-input\":\"required name=search_term_string\"}],\"inLanguage\":\"fr-FR\"},{\"@type\":\"Organization\",\"@id\":\"http:\/\/nouvobois-materiaux.toutfaire.fr\/#organization\",\"name\":\"NOUVOBOIS MAT\u00c9RIAUX\",\"url\":\"http:\/\/nouvobois-materiaux.toutfaire.fr\/\",\"logo\":{\"@type\":\"ImageObject\",\"inLanguage\":\"fr-FR\",\"@id\":\"http:\/\/nouvobois-materiaux.toutfaire.fr\/#\/schema\/logo\/image\/\",\"url\":\"http:\/\/nouvobois-materiaux.toutfaire.fr\/wp-content\/uploads\/2022\/09\/cropped-LOGO-TFi.png\",\"contentUrl\":\"http:\/\/nouvobois-materiaux.toutfaire.fr\/wp-content\/uploads\/2022\/09\/cropped-LOGO-TFi.png\",\"width\":1200,\"height\":382,\"caption\":\"NOUVOBOIS MAT\u00c9RIAUX\"},\"image\":{\"@id\":\"http:\/\/nouvobois-materiaux.toutfaire.fr\/#\/schema\/logo\/image\/\"}}]}<\/script>\n<!-- \/ Yoast SEO plugin. -->","yoast_head_json":{"title":"Visite Guid\u00e9e - NOUVOBOIS MAT\u00c9RIAUX","robots":{"index":"index","follow":"follow","max-snippet":"max-snippet:-1","max-image-preview":"max-image-preview:large","max-video-preview":"max-video-preview:-1"},"canonical":"http:\/\/nouvobois-materiaux.toutfaire.fr\/?page_id=9","og_locale":"fr_FR","og_type":"article","og_title":"Visite Guid\u00e9e - NOUVOBOIS MAT\u00c9RIAUX","og_description":"Ext\u00e9rieurs Int\u00e9rieur &nbsp;","og_url":"http:\/\/nouvobois-materiaux.toutfaire.fr\/?page_id=9","og_site_name":"NOUVOBOIS MAT\u00c9RIAUX","article_modified_time":"2017-10-03T06:54:36+00:00","twitter_card":"summary_large_image","schema":{"@context":"https:\/\/schema.org","@graph":[{"@type":"WebPage","@id":"http:\/\/nouvobois-materiaux.toutfaire.fr\/?page_id=9","url":"http:\/\/nouvobois-materiaux.toutfaire.fr\/?page_id=9","name":"Visite Guid\u00e9e - NOUVOBOIS MAT\u00c9RIAUX","isPartOf":{"@id":"http:\/\/nouvobois-materiaux.toutfaire.fr\/#website"},"datePublished":"2017-02-28T15:21:49+00:00","dateModified":"2017-10-03T06:54:36+00:00","breadcrumb":{"@id":"http:\/\/nouvobois-materiaux.toutfaire.fr\/?page_id=9#breadcrumb"},"inLanguage":"fr-FR","potentialAction":[{"@type":"ReadAction","target":["http:\/\/nouvobois-materiaux.toutfaire.fr\/?page_id=9"]}]},{"@type":"BreadcrumbList","@id":"http:\/\/nouvobois-materiaux.toutfaire.fr\/?page_id=9#breadcrumb","itemListElement":[{"@type":"ListItem","position":1,"name":"Accueil","item":"http:\/\/nouvobois-materiaux.toutfaire.fr\/"},{"@type":"ListItem","position":2,"name":"Notre N\u00e9goce","item":"http:\/\/nouvobois-materiaux.toutfaire.fr\/?page_id=448"},{"@type":"ListItem","position":3,"name":"Visite Guid\u00e9e"}]},{"@type":"WebSite","@id":"http:\/\/nouvobois-materiaux.toutfaire.fr\/#website","url":"http:\/\/nouvobois-materiaux.toutfaire.fr\/","name":"NOUVOBOIS MAT\u00c9RIAUX","description":"Gagnez en savoir-faire","publisher":{"@id":"http:\/\/nouvobois-materiaux.toutfaire.fr\/#organization"},"potentialAction":[{"@type":"SearchAction","target":{"@type":"EntryPoint","urlTemplate":"http:\/\/nouvobois-materiaux.toutfaire.fr\/?s={search_term_string}"},"query-input":"required name=search_term_string"}],"inLanguage":"fr-FR"},{"@type":"Organization","@id":"http:\/\/nouvobois-materiaux.toutfaire.fr\/#organization","name":"NOUVOBOIS MAT\u00c9RIAUX","url":"http:\/\/nouvobois-materiaux.toutfaire.fr\/","logo":{"@type":"ImageObject","inLanguage":"fr-FR","@id":"http:\/\/nouvobois-materiaux.toutfaire.fr\/#\/schema\/logo\/image\/","url":"http:\/\/nouvobois-materiaux.toutfaire.fr\/wp-content\/uploads\/2022\/09\/cropped-LOGO-TFi.png","contentUrl":"http:\/\/nouvobois-materiaux.toutfaire.fr\/wp-content\/uploads\/2022\/09\/cropped-LOGO-TFi.png","width":1200,"height":382,"caption":"NOUVOBOIS MAT\u00c9RIAUX"},"image":{"@id":"http:\/\/nouvobois-materiaux.toutfaire.fr\/#\/schema\/logo\/image\/"}}]}},"_links":{"self":[{"href":"http:\/\/nouvobois-materiaux.toutfaire.fr\/index.php?rest_route=\/wp\/v2\/pages\/9"}],"collection":[{"href":"http:\/\/nouvobois-materiaux.toutfaire.fr\/index.php?rest_route=\/wp\/v2\/pages"}],"about":[{"href":"http:\/\/nouvobois-materiaux.toutfaire.fr\/index.php?rest_route=\/wp\/v2\/types\/page"}],"author":[{"embeddable":true,"href":"http:\/\/nouvobois-materiaux.toutfaire.fr\/index.php?rest_route=\/wp\/v2\/users\/1"}],"replies":[{"embeddable":true,"href":"http:\/\/nouvobois-materiaux.toutfaire.fr\/index.php?rest_route=%2Fwp%2Fv2%2Fcomments&post=9"}],"version-history":[{"count":12,"href":"http:\/\/nouvobois-materiaux.toutfaire.fr\/index.php?rest_route=\/wp\/v2\/pages\/9\/revisions"}],"predecessor-version":[{"id":473,"href":"http:\/\/nouvobois-materiaux.toutfaire.fr\/index.php?rest_route=\/wp\/v2\/pages\/9\/revisions\/473"}],"up":[{"embeddable":true,"href":"http:\/\/nouvobois-materiaux.toutfaire.fr\/index.php?rest_route=\/wp\/v2\/pages\/448"}],"wp:attachment":[{"href":"http:\/\/nouvobois-materiaux.toutfaire.fr\/index.php?rest_route=%2Fwp%2Fv2%2Fmedia&parent=9"}],"curies":[{"name":"wp","href":"https:\/\/api.w.org\/{rel}","templated":true}]}}